{"id":674,"date":"2019-07-17T01:45:14","date_gmt":"2019-07-17T01:45:14","guid":{"rendered":"http:\/\/demo.casethemes.net\/nimmo\/?page_id=674"},"modified":"2022-03-31T19:49:57","modified_gmt":"2022-03-31T19:49:57","slug":"kunye","status":"publish","type":"page","link":"https:\/\/www.tarihcevresi.com\/?page_id=674","title":{"rendered":"K\u00fcnye"},"content":{"rendered":"<p>[vc_row][vc_column][vc_tta_tabs][vc_tta_section title=&#8221;K\u00fcnye&#8221;][\/vc_tta_section][\/vc_tta_tabs][vc_empty_space height=&#8221;300px&#8221;][vc_column_text]<strong>Sahibi:<\/strong> MT PROMOSYON MATBAA<\/p>\n<p><strong>Yaz\u0131 \u0130\u015fleri M\u00fcd\u00fcr\u00fc:<\/strong> Og\u00fcn Nuri Ta\u015e<\/p>\n<p><strong>Yay\u0131n Y\u00f6netmeni:<\/strong> Nesim \u015eEKER<\/p>\n<p><strong>Yay\u0131n Kurulu<\/strong><\/p>\n<p>Prof . Dr. \u0130lber ORTAYLI, Prof. Dr. Mehmet \u00d6Z,<\/p>\n<p>Do\u00e7. Dr. Nesim \u015eEKER, Do\u00e7. Dr. Nurten KILI\u00c7,<\/p>\n<p>Do\u00e7. Dr. Birsen BULMU\u015e,<\/p>\n<p>Do\u00e7. Dr. Umut \u00d6ZG\u00dcR.<\/p>\n<p>&nbsp;<\/p>\n<p><strong>\u0130rtibat:<\/strong><\/p>\n<p><strong>Tel:<\/strong> (0312) 256 74 92 &#8211; 0505 677 22 35<\/p>\n<p>tarihdergisi@gmail.com<\/p>\n<p>&nbsp;<\/p>\n<p>Bu dergi Hacettepe, Bo\u011fazi\u00e7i, Bilkent, ODT\u00dc \u00dcniversitelerinde bulunan Doktorlar,<\/p>\n<p>Do\u00e7entler ve Master \u00d6\u011frenciler taraf\u0131ndan iki ayda bir yay\u0131mlan\u0131r.<\/p>\n<p>Dergiye g\u00f6nderilen yaz\u0131lar bas\u0131lmaz ise istenmesi halinde iade edilir.<\/p>\n<p>Dergide yay\u0131nlanan yaz\u0131lar\u0131n i\u00e7eri\u011finden yaz\u0131 sahipleri sorumludur.<\/p>\n<p>&nbsp;<\/p>\n<p>MT PROMOSYON MATBAA<\/p>\n<p>Tel: 0312 384 76 15<\/p>\n<p>Bas\u0131m:<\/p>\n<p>MOOMELL REKLAM BASIM YAYIN[\/vc_column_text][\/vc_column][\/vc_row]<\/p>\n","protected":false},"excerpt":{"rendered":"<p>[vc_row][vc_column][vc_tta_tabs][vc_tta_section title=&#8221;K\u00fcnye&#8221;][\/vc_tta_section][\/vc_tta_tabs][vc_empty_space height=&#8221;300px&#8221;][vc_column_text]Sahibi: MT PROMOSYON MATBAA Yaz\u0131 \u0130\u015fleri M\u00fcd\u00fcr\u00fc: Og\u00fcn Nuri Ta\u015e Yay\u0131n Y\u00f6netmeni: Nesim \u015eEKER Yay\u0131n Kurulu Prof . Dr. \u0130lber ORTAYLI, Prof. Dr. Mehmet \u00d6Z, Do\u00e7. Dr. Nesim \u015eEKER, Do\u00e7. Dr. Nurten KILI\u00c7, Do\u00e7. Dr. Birsen BULMU\u015e, Do\u00e7. Dr. Umut \u00d6ZG\u00dcR. &nbsp; \u0130rtibat: Tel: (0312) 256 74 92 &#8211; 0505 677 22 35 [&hellip;]<\/p>\n","protected":false},"author":1,"featured_media":0,"parent":0,"menu_order":0,"comment_status":"closed","ping_status":"closed","template":"","meta":{"footnotes":""},"zion_builder_status":false,"_links":{"self":[{"href":"https:\/\/www.tarihcevresi.com\/index.php?rest_route=\/wp\/v2\/pages\/674"}],"collection":[{"href":"https:\/\/www.tarihcevresi.com\/index.php?rest_route=\/wp\/v2\/pages"}],"about":[{"href":"https:\/\/www.tarihcevresi.com\/index.php?rest_route=\/wp\/v2\/types\/page"}],"author":[{"embeddable":true,"href":"https:\/\/www.tarihcevresi.com\/index.php?rest_route=\/wp\/v2\/users\/1"}],"replies":[{"embeddable":true,"href":"https:\/\/www.tarihcevresi.com\/index.php?rest_route=%2Fwp%2Fv2%2Fcomments&post=674"}],"version-history":[{"count":4,"href":"https:\/\/www.tarihcevresi.com\/index.php?rest_route=\/wp\/v2\/pages\/674\/revisions"}],"predecessor-version":[{"id":1587,"href":"https:\/\/www.tarihcevresi.com\/index.php?rest_route=\/wp\/v2\/pages\/674\/revisions\/1587"}],"wp:attachment":[{"href":"https:\/\/www.tarihcevresi.com\/index.php?rest_route=%2Fwp%2Fv2%2Fmedia&parent=674"}],"curies":[{"name":"wp","href":"https:\/\/api.w.org\/{rel}","templated":true}]}}